{"id":512,"date":"2012-03-27T23:33:34","date_gmt":"2012-03-27T21:33:34","guid":{"rendered":"http:\/\/www.filmsoundsweden.se\/wordpress\/?page_id=512"},"modified":"2025-05-02T18:15:04","modified_gmt":"2025-05-02T16:15:04","slug":"ansok-om-medlemsskap-i-fss","status":"publish","type":"page","link":"https:\/\/www.filmsoundsweden.se\/wordpress\/index.php\/ansok-om-medlemsskap-i-fss\/","title":{"rendered":"Medlem &#8211; Ans\u00f6k om medlemsskap i FSS"},"content":{"rendered":"\n\n  <div class=\"banner has-hover is-full-height has-parallax\" id=\"banner-1418251991\">\n          <div class=\"banner-inner fill\">\n        <div class=\"banner-bg fill\" data-parallax=\"-6\" data-parallax-container=\".banner\" data-parallax-background>\n            <img data-recalc-dims=\"1\" loading=\"lazy\" decoding=\"async\" width=\"1020\" height=\"1007\" src=\"https:\/\/i0.wp.com\/www.filmsoundsweden.se\/wordpress\/wp-content\/uploads\/2020\/06\/video-production-4223911_1280.jpg?resize=1020%2C1007&#038;ssl=1\" class=\"bg attachment-original size-original\" alt=\"\" data-attachment-id=\"1965\" data-permalink=\"https:\/\/www.filmsoundsweden.se\/wordpress\/video-production-4223911_1280\/\" data-orig-file=\"https:\/\/i0.wp.com\/www.filmsoundsweden.se\/wordpress\/wp-content\/uploads\/2020\/06\/video-production-4223911_1280.jpg?fit=1280%2C1264&amp;ssl=1\" data-orig-size=\"1280,1264\" data-comments-opened=\"0\" data-image-meta=\"{&quot;aperture&quot;:&quot;0&quot;,&quot;credit&quot;:&quot;&quot;,&quot;camera&quot;:&quot;&quot;,&quot;caption&quot;:&quot;&quot;,&quot;created_timestamp&quot;:&quot;0&quot;,&quot;copyright&quot;:&quot;&quot;,&quot;focal_length&quot;:&quot;0&quot;,&quot;iso&quot;:&quot;0&quot;,&quot;shutter_speed&quot;:&quot;0&quot;,&quot;title&quot;:&quot;&quot;,&quot;orientation&quot;:&quot;0&quot;}\" data-image-title=\"video-production-4223911_1280\" data-image-description=\"\" data-image-caption=\"\" data-medium-file=\"https:\/\/i0.wp.com\/www.filmsoundsweden.se\/wordpress\/wp-content\/uploads\/2020\/06\/video-production-4223911_1280.jpg?fit=850%2C478&amp;ssl=1\" data-large-file=\"https:\/\/i0.wp.com\/www.filmsoundsweden.se\/wordpress\/wp-content\/uploads\/2020\/06\/video-production-4223911_1280.jpg?fit=1020%2C574&amp;ssl=1\" \/>                        <div class=\"overlay\"><\/div>            \n                    <\/div>\n\t\t\n        <div class=\"banner-layers container\">\n            <div class=\"fill banner-link\"><\/div>            \n\n   <div id=\"text-box-1298159215\" class=\"text-box banner-layer x50 md-x50 lg-x50 y50 md-y50 lg-y50 res-text\">\n                                <div class=\"text-box-content text \">\n              \n              <div class=\"text-inner text-center\">\n                  \n\n<p class=\"uppercase\">Bli medlem i FSS!<\/p>\n<p style=\"text-align: left;\"><span style=\"font-size: 110%;\">En ans\u00f6kan om medlemskap i FSS \u00e4r inte detsamma som ett automatiskt medlemskap i v\u00e5r f\u00f6rening.<\/span><\/p>\n<p style=\"text-align: left;\"><span style=\"font-size: 110%;\">I och med din ans\u00f6kan godk\u00e4nner du att Film Sound Sweden [FSS] lagrar de uppgifter du delar med dig av till f\u00f6reningen. FSS kommer givetvis inte att vidaredistribuera eller s\u00e4lja dina uppgifter till annan part.<\/span><\/p>\n<p style=\"text-align: left;\"><span style=\"font-size: 110%;\">Efter att din ans\u00f6kan godk\u00e4nts kommer du att f\u00e5 ett epostmeddelande. I detta meddelande finns en l\u00e4nk \u00a0d\u00e4r du sj\u00e4lv kan komplettera dina uppgifter.<\/span><\/p>\n<p style=\"text-align: left;\"><span style=\"font-size: 110%;\">Medlemskap godk\u00e4nns efter de kriterier som fastslagits i f\u00f6reningens stadgar som du kan l\u00e4sa om h\u00e4r:<\/span><\/p>\n<p style=\"text-align: left;\"><span style=\"font-size: 110%;\"><em>\u00a7 3. MEDLEMSKAP<\/em><\/span><br \/><span style=\"font-size: 110%;\"><em>Medlemskap kan s\u00f6kas av yrkesut\u00f6vande, huvudsakligen verksam inom omr\u00e5det f\u00f6r film-, tv- och videoljud. Medlemskap kan beviljas den som varit yrkesut\u00f6vande i minst fyra \u00e5r Dedikerad yrkesutbildnig inom filmljud f\u00e5r r\u00e4knas in i den tiden samt under f\u00f6ruts\u00e4ttning att hon\/han rekommenderas av minst tv\u00e5 medlemmar.<\/em><\/span><br \/><span style=\"font-size: 110%;\"><em>De som inte uppfyller ovanst\u00e5ende kriterier kan s\u00f6ka aspirant-medlemskap.<\/em><\/span><\/p>\n<p style=\"text-align: left;\"><span style=\"font-size: 110%;\"><em>Alla ans\u00f6kningar behandlas inom styrelsen och ska godk\u00e4nnas av densamma.<\/em><\/span><\/p>\n<p style=\"text-align: left;\"><span style=\"font-size: 110%;\"><em>Avgiften \u00e4r 300kr per \u00e5r f\u00f6r Fullt medlemskap och 150kr f\u00f6r Aspiranter.<\/em><\/span><\/p>\n<a href=\"http:\/\/www.filmsoundsweden.se\/members\/registerturing.php\" target=\"_blank\" class=\"button primary is-xlarge\" rel=\"noopener\"  style=\"padding:0px 39px 0px 38px;\">\n\t\t<span>Till ans\u00f6kan<\/span>\n\t<i class=\"icon-angle-right\" aria-hidden=\"true\" ><\/i><\/a>\n\n\n\n              <\/div>\n           <\/div>\n                            \n<style>\n#text-box-1298159215 {\n  margin: 0px 0 0px 0px;\n  width: 100%;\n}\n#text-box-1298159215 .text-box-content {\n  background-color: rgba(36, 17, 17, 0);\n  border-radius: 8px;\n  font-size: 75%;\n}\n#text-box-1298159215 .text-inner {\n  padding: 66px 65px 65px 64px;\n}\n@media (min-width:550px) {\n  #text-box-1298159215 {\n    width: 95%;\n  }\n  #text-box-1298159215 .text-box-content {\n    font-size: 95%;\n  }\n}\n<\/style>\n    <\/div>\n \n\n        <\/div>\n      <\/div>\n\n            \n<style>\n#banner-1418251991 {\n  padding-top: 100%;\n}\n#banner-1418251991 .overlay {\n  background-color: rgba(255, 255, 255, 0.93);\n}\n<\/style>\n  <\/div>\n\n\n\n","protected":false},"excerpt":{"rendered":"","protected":false},"author":3,"featured_media":0,"parent":0,"menu_order":0,"comment_status":"closed","ping_status":"closed","template":"","meta":{"jetpack_post_was_ever_published":false,"footnotes":""},"folder":[],"class_list":["post-512","page","type-page","status-publish","hentry"],"jetpack_shortlink":"https:\/\/wp.me\/P247AI-8g","jetpack_sharing_enabled":true,"jetpack_likes_enabled":true,"jetpack-related-posts":[],"_links":{"self":[{"href":"https:\/\/www.filmsoundsweden.se\/wordpress\/index.php\/wp-json\/wp\/v2\/pages\/512","targetHints":{"allow":["GET"]}}],"collection":[{"href":"https:\/\/www.filmsoundsweden.se\/wordpress\/index.php\/wp-json\/wp\/v2\/pages"}],"about":[{"href":"https:\/\/www.filmsoundsweden.se\/wordpress\/index.php\/wp-json\/wp\/v2\/types\/page"}],"author":[{"embeddable":true,"href":"https:\/\/www.filmsoundsweden.se\/wordpress\/index.php\/wp-json\/wp\/v2\/users\/3"}],"replies":[{"embeddable":true,"href":"https:\/\/www.filmsoundsweden.se\/wordpress\/index.php\/wp-json\/wp\/v2\/comments?post=512"}],"version-history":[{"count":58,"href":"https:\/\/www.filmsoundsweden.se\/wordpress\/index.php\/wp-json\/wp\/v2\/pages\/512\/revisions"}],"predecessor-version":[{"id":35419,"href":"https:\/\/www.filmsoundsweden.se\/wordpress\/index.php\/wp-json\/wp\/v2\/pages\/512\/revisions\/35419"}],"wp:attachment":[{"href":"https:\/\/www.filmsoundsweden.se\/wordpress\/index.php\/wp-json\/wp\/v2\/media?parent=512"}],"wp:term":[{"taxonomy":"folder","embeddable":true,"href":"https:\/\/www.filmsoundsweden.se\/wordpress\/index.php\/wp-json\/wp\/v2\/folder?post=512"}],"curies":[{"name":"wp","href":"https:\/\/api.w.org\/{rel}","templated":true}]}}