{"id":452,"date":"2012-03-20T00:48:42","date_gmt":"2012-03-19T22:48:42","guid":{"rendered":"http:\/\/www.filmsoundsweden.se\/wordpress\/?page_id=452"},"modified":"2025-04-16T05:41:49","modified_gmt":"2025-04-16T03:41:49","slug":"wp-medlemmar","status":"publish","type":"page","link":"https:\/\/www.filmsoundsweden.se\/wordpress\/index.php\/wp-medlemmar\/","title":{"rendered":"FSS Medlemmar"},"content":{"rendered":"\n\n\t<section class=\"section dark\" id=\"section_1242057220\">\n\t\t<div class=\"section-bg fill\" >\n\t\t\t\t\t\t\t\t\t<div class=\"section-bg-overlay absolute fill\"><\/div>\n\t\t\t\n\n\t\t<\/div>\n\n\t\t\n\n\t\t<div class=\"section-content relative\">\n\t\t\t\n\n<div class=\"container section-title-container\" ><h3 class=\"section-title section-title-normal\"><b><\/b><span class=\"section-title-main\" >Fullv\u00e4rdiga medlemmar<\/span><b><\/b><\/h3><\/div>\n\n\t<div id=\"text-4035832211\" class=\"text\">\n\t\t\n\n<p>Teckenf\u00f6rklaring:&nbsp;A= A-ljud &nbsp;&nbsp;B= B-ljud &nbsp;&nbsp;DX= Dialogl\u00e4ggning &nbsp;&nbsp;FX= Effektl\u00e4ggning &nbsp;&nbsp;BIO=. &nbsp;Mixar f\u00f6r bio &nbsp; &nbsp;TV= &nbsp;Mixar f\u00f6r TV &nbsp;&nbsp;FO= Foley\/Tramp &nbsp;&nbsp;S= Ljud till spel<\/p>\n\t\t\n<style>\n#text-4035832211 {\n  font-size: 1rem;\n}\n<\/style>\n\t<\/div>\n\t\n\t<div id=\"text-3530080902\" class=\"text\">\n\t\t\n\n<h4><span style=\"font-size: 95%;\"><\/span><\/h4>\n\t\t\n<style>\n#text-3530080902 {\n  line-height: 0.75;\n  text-align: left;\n}\n<\/style>\n\t<\/div>\n\t\n\n\t\t<\/div>\n\n\t\t\n<style>\n#section_1242057220 {\n  padding-top: 20px;\n  padding-bottom: 20px;\n  margin-bottom: 1px;\n}\n#section_1242057220 .section-bg-overlay {\n  background-color: #446084;\n}\n<\/style>\n\t<\/section>\n\t\n\n\t<section class=\"section dark\" id=\"section_1112528794\">\n\t\t<div class=\"section-bg fill\" >\n\t\t\t\t\t\t\t\t\t<div class=\"section-bg-overlay absolute fill\"><\/div>\n\t\t\t\n\n\t\t<\/div>\n\n\t\t\n\n\t\t<div class=\"section-content relative\">\n\t\t\t\n\n<div class=\"container section-title-container\" ><h3 class=\"section-title section-title-normal\"><b><\/b><span class=\"section-title-main\" >ASPIRANTMEDLEMMAR<\/span><b><\/b><\/h3><\/div>\n\n\t<div id=\"text-941721235\" class=\"text\">\n\t\t\n\n\n<p>&nbsp;<\/p>\n\t\t\n<style>\n#text-941721235 {\n  line-height: 0.75;\n}\n<\/style>\n\t<\/div>\n\t\n<div class=\"container section-title-container\" ><h3 class=\"section-title section-title-normal\"><b><\/b><span class=\"section-title-main\" >Pension\u00e4rsmedlemmar<\/span><b><\/b><\/h3><\/div>\n\n\t<div id=\"text-2175835933\" class=\"text\">\n\t\t\n\n\n<p>&nbsp;<\/p>\n\t\t\n<style>\n#text-2175835933 {\n  line-height: 0.75;\n}\n<\/style>\n\t<\/div>\n\t\n<div class=\"container section-title-container\" ><h3 class=\"section-title section-title-normal\"><b><\/b><span class=\"section-title-main\" >Hedersmedlemmar<\/span><b><\/b><\/h3><\/div>\n\n\t<div id=\"text-2371236841\" class=\"text\">\n\t\t\n\n\n<p>&nbsp;<\/p>\n\t\t\n<style>\n#text-2371236841 {\n  line-height: 0.75;\n}\n<\/style>\n\t<\/div>\n\t\n<div class=\"container section-title-container\" ><h3 class=\"section-title section-title-normal\"><b><\/b><span class=\"section-title-main\" >In Memoriam<\/span><b><\/b><\/h3><\/div>\n\n\t<div id=\"text-262089693\" class=\"text\">\n\t\t\n\n\n<p>\u00a0<\/p>\n\t\t\n<style>\n#text-262089693 {\n  line-height: 0.75;\n}\n<\/style>\n\t<\/div>\n\t\n\n\t\t<\/div>\n\n\t\t\n<style>\n#section_1112528794 {\n  padding-top: 30px;\n  padding-bottom: 30px;\n}\n#section_1112528794 .section-bg-overlay {\n  background-color: #446084;\n}\n<\/style>\n\t<\/section>\n\t\n\n","protected":false},"excerpt":{"rendered":"","protected":false},"author":5,"featured_media":0,"parent":0,"menu_order":0,"comment_status":"closed","ping_status":"closed","template":"","meta":{"jetpack_post_was_ever_published":false,"footnotes":""},"folder":[],"class_list":["post-452","page","type-page","status-publish","hentry"],"jetpack_shortlink":"https:\/\/wp.me\/P247AI-7i","jetpack_sharing_enabled":true,"jetpack_likes_enabled":true,"jetpack-related-posts":[],"_links":{"self":[{"href":"https:\/\/www.filmsoundsweden.se\/wordpress\/index.php\/wp-json\/wp\/v2\/pages\/452","targetHints":{"allow":["GET"]}}],"collection":[{"href":"https:\/\/www.filmsoundsweden.se\/wordpress\/index.php\/wp-json\/wp\/v2\/pages"}],"about":[{"href":"https:\/\/www.filmsoundsweden.se\/wordpress\/index.php\/wp-json\/wp\/v2\/types\/page"}],"author":[{"embeddable":true,"href":"https:\/\/www.filmsoundsweden.se\/wordpress\/index.php\/wp-json\/wp\/v2\/users\/5"}],"replies":[{"embeddable":true,"href":"https:\/\/www.filmsoundsweden.se\/wordpress\/index.php\/wp-json\/wp\/v2\/comments?post=452"}],"version-history":[{"count":257,"href":"https:\/\/www.filmsoundsweden.se\/wordpress\/index.php\/wp-json\/wp\/v2\/pages\/452\/revisions"}],"predecessor-version":[{"id":35067,"href":"https:\/\/www.filmsoundsweden.se\/wordpress\/index.php\/wp-json\/wp\/v2\/pages\/452\/revisions\/35067"}],"wp:attachment":[{"href":"https:\/\/www.filmsoundsweden.se\/wordpress\/index.php\/wp-json\/wp\/v2\/media?parent=452"}],"wp:term":[{"taxonomy":"folder","embeddable":true,"href":"https:\/\/www.filmsoundsweden.se\/wordpress\/index.php\/wp-json\/wp\/v2\/folder?post=452"}],"curies":[{"name":"wp","href":"https:\/\/api.w.org\/{rel}","templated":true}]}}