{"id":31,"date":"2011-10-23T21:56:05","date_gmt":"2011-10-23T19:56:05","guid":{"rendered":"http:\/\/www.filmsoundsweden.se\/wordpress\/?page_id=31"},"modified":"2021-01-11T13:56:47","modified_gmt":"2021-01-11T11:56:47","slug":"om-fss","status":"publish","type":"page","link":"https:\/\/www.filmsoundsweden.se\/wordpress\/index.php\/om-fss\/","title":{"rendered":"F\u00f6reningsinfo"},"content":{"rendered":"\n\n\t<section class=\"section has-parallax\" id=\"section_1280553204\">\n\t\t<div class=\"section-bg fill\" data-parallax-container=\".section\" data-parallax-background data-parallax=\"-7\">\n\t\t\t<img loading=\"lazy\" decoding=\"async\" width=\"850\" height=\"478\" src=\"https:\/\/i0.wp.com\/www.filmsoundsweden.se\/wordpress\/wp-content\/uploads\/2017\/09\/FSSLVfavicon.png?fit=850%2C478&amp;ssl=1\" class=\"bg attachment-medium size-medium\" alt=\"\" data-attachment-id=\"1767\" data-permalink=\"https:\/\/www.filmsoundsweden.se\/wordpress\/fsslvfavicon\/\" data-orig-file=\"https:\/\/i0.wp.com\/www.filmsoundsweden.se\/wordpress\/wp-content\/uploads\/2017\/09\/FSSLVfavicon.png?fit=950%2C949&amp;ssl=1\" data-orig-size=\"950,949\" data-comments-opened=\"0\" data-image-meta=\"{&quot;aperture&quot;:&quot;0&quot;,&quot;credit&quot;:&quot;&quot;,&quot;camera&quot;:&quot;&quot;,&quot;caption&quot;:&quot;&quot;,&quot;created_timestamp&quot;:&quot;0&quot;,&quot;copyright&quot;:&quot;&quot;,&quot;focal_length&quot;:&quot;0&quot;,&quot;iso&quot;:&quot;0&quot;,&quot;shutter_speed&quot;:&quot;0&quot;,&quot;title&quot;:&quot;&quot;,&quot;orientation&quot;:&quot;0&quot;}\" data-image-title=\"FSSLVfavicon\" data-image-description=\"\" data-image-caption=\"\" data-medium-file=\"https:\/\/i0.wp.com\/www.filmsoundsweden.se\/wordpress\/wp-content\/uploads\/2017\/09\/FSSLVfavicon.png?fit=850%2C478&amp;ssl=1\" data-large-file=\"https:\/\/i0.wp.com\/www.filmsoundsweden.se\/wordpress\/wp-content\/uploads\/2017\/09\/FSSLVfavicon.png?fit=950%2C675&amp;ssl=1\" \/>\t\t\t\t\t\t<div class=\"section-bg-overlay absolute fill\"><\/div>\n\t\t\t\n\t<div class=\"is-border\"\n\t\tstyle=\"border-color:rgb(235, 235, 235);border-width:1px 0px 0px 0px;\">\n\t<\/div>\n\n\t\t<\/div>\n\n\t\t\n\n\t\t<div class=\"section-content relative\">\n\t\t\t\n\n<h2 style=\"text-align: center;\">F\u00f6reningens stadgar lyder:<\/h2>\n\t<div id=\"gap-202599778\" class=\"gap-element clearfix\" style=\"display:block; height:auto;\">\n\t\t\n<style>\n#gap-202599778 {\n  padding-top: 57px;\n}\n<\/style>\n\t<\/div>\n\t\n\n<div class=\"row\"  id=\"row-1937019\">\n\n\n\t<div id=\"col-2120418358\" class=\"col medium-4 small-12 large-4\"  >\n\t\t\t\t<div class=\"col-inner\"  >\n\t\t\t\n\t\t\t\n\n<p>\u00a7 1. DEFINITION<br \/>Film Sound Sweden, FSS, \u00e4r en sammanslutning av aktivt verksamma inom omr\u00e5det f\u00f6r produktion av film-, TV- och videoljud.<br \/>Det \u00e4r en ideell f\u00f6rening med s\u00e4te i Stockholm.<\/p>\n<p>\u00a0<\/p>\n\n\t\t<\/div>\n\t\t\t\t\t<\/div>\n\n\t\n\n\t<div id=\"col-1909620706\" class=\"col medium-4 small-12 large-4\"  >\n\t\t\t\t<div class=\"col-inner\"  >\n\t\t\t\n\t\t\t\n\n<p>\u00a7 2. M\u00c5LS\u00c4TTNING OCH VERKSAMHET<br \/>F\u00f6reningen har till syfte<br \/>att fr\u00e4mja utvecklingen av filmljud s\u00e5v\u00e4l tekniskt som konstn\u00e4rligt,<br \/>att verka f\u00f6r en \u00f6kad medvetenhet om ljudets betydelse inom filmkonsten,<br \/>att fr\u00e4mja utbytet av personliga och yrkesm\u00e4ssiga erfarenheter mellan medlemmarna och d\u00e4rmed st\u00f6dja varandra i v\u00e5r yrkesutveckling,<br \/>att medverka till att yrken inom filmljudomr\u00e5det uppn\u00e5r befogad uppm\u00e4rksamhet och uppskattning,<br \/>att v\u00e4rna om medlemmarnas arbetsvillkor,<br \/>att anordna filmvisningar, diskussioner och seminarier som fr\u00e4mjar yrkesutveckling och vidareutbildning,<br \/>att befr\u00e4mja ett gott samarbete med andra yrkeskategorier inom film- och videobranschen,<br \/>att befr\u00e4mja internationella kontakter inom yrkesomr\u00e5det.<\/p>\n\n\t\t<\/div>\n\t\t\t\t\t<\/div>\n\n\t\n\n\t<div id=\"col-231380024\" class=\"col medium-4 small-12 large-4\"  >\n\t\t\t\t<div class=\"col-inner\"  >\n\t\t\t\n\t\t\t\n\n<p>\u00a7 3. MEDLEMSKAP<br \/>Medlemskap kan s\u00f6kas av yrkesut\u00f6vande, huvudsakligen verksam inom omr\u00e5det f\u00f6r film-, tv- och videoljud. Medlemskap kan beviljas den som varit yrkesut\u00f6vande i minst fyra \u00e5r Dedikerad yrkesutbildnig inom filmljud f\u00e5r r\u00e4knas in i den tiden samt under f\u00f6ruts\u00e4ttning att hon\/han rekommenderas av minst tv\u00e5 medlemmar.<br \/>De som inte uppfyller ovanst\u00e5ende kriterier kan s\u00f6ka aspirant-medlemskap.<\/p>\n<p>Alla ans\u00f6kningar behandlas inom styrelsen och ska godk\u00e4nnas av densamma.<\/p>\n<p>\u00a0<\/p>\n\n\t\t<\/div>\n\t\t\t\t\t<\/div>\n\n\t\n\n<\/div>\n<div class=\"row\"  id=\"row-1662346582\">\n\n\n\t<div id=\"col-188121396\" class=\"col medium-4 small-12 large-4\"  >\n\t\t\t\t<div class=\"col-inner\"  >\n\t\t\t\n\t\t\t\n\n\n\t\t<\/div>\n\t\t\t\t\t<\/div>\n\n\t\n\n\t<div id=\"col-104559900\" class=\"col medium-4 small-12 large-4\"  >\n\t\t\t\t<div class=\"col-inner\"  >\n\t\t\t\n\t\t\t\n\n<a href=\"https:\/\/www.filmsoundsweden.se\/wordpress\/index.php\/ansok-om-medlemsskap-i-fss\/\" class=\"button primary is-shade is-larger box-shadow-4 box-shadow-5-hover\"  style=\"border-radius:10px;\">\n\t\t<span>Bli medlem<\/span>\n\t<\/a>\n\n\n\n\t\t<\/div>\n\t\t\t\t\t<\/div>\n\n\t\n\n\t<div id=\"col-284758525\" class=\"col medium-4 small-12 large-4\"  >\n\t\t\t\t<div class=\"col-inner\"  >\n\t\t\t\n\t\t\t\n\n\n\t\t<\/div>\n\t\t\t\t\t<\/div>\n\n\t\n\n<\/div>\n\n\t\t<\/div>\n\n\t\t\n<style>\n#section_1280553204 {\n  padding-top: 60px;\n  padding-bottom: 60px;\n  min-height: 300px;\n  background-color: rgb(0,0,0);\n}\n#section_1280553204 .section-bg-overlay {\n  background-color: rgba(255, 255, 255, 0.954);\n}\n#section_1280553204 .section-bg img {\n  object-position: 61% 45%;\n}\n<\/style>\n\t<\/section>\n\t\n\n\t<section class=\"section dark\" id=\"section_1605306534\">\n\t\t<div class=\"section-bg fill\" >\n\t\t\t\t\t\t\t\t\t\n\t\t\t\n\n\t\t<\/div>\n\n\t\t\n\n\t\t<div class=\"section-content relative\">\n\t\t\t\n\n<div class=\"container section-title-container\" style=\"margin-bottom:12px;\"><h3 class=\"section-title section-title-center\"><b><\/b><span class=\"section-title-main\" style=\"font-size:168%;\">FSS Styrelse<\/span><b><\/b><\/h3><\/div>\n\n\n\n\t\t<\/div>\n\n\t\t\n<style>\n#section_1605306534 {\n  padding-top: 30px;\n  padding-bottom: 30px;\n  background-color: rgba(0, 0, 0, 0.74);\n}\n<\/style>\n\t<\/section>\n\t\n\n","protected":false},"excerpt":{"rendered":"","protected":false},"author":1,"featured_media":0,"parent":0,"menu_order":0,"comment_status":"closed","ping_status":"closed","template":"","meta":{"jetpack_post_was_ever_published":false,"footnotes":""},"folder":[78],"class_list":["post-31","page","type-page","status-publish","hentry"],"jetpack_shortlink":"https:\/\/wp.me\/P247AI-v","jetpack_sharing_enabled":true,"jetpack_likes_enabled":true,"jetpack-related-posts":[],"_links":{"self":[{"href":"https:\/\/www.filmsoundsweden.se\/wordpress\/index.php\/wp-json\/wp\/v2\/pages\/31","targetHints":{"allow":["GET"]}}],"collection":[{"href":"https:\/\/www.filmsoundsweden.se\/wordpress\/index.php\/wp-json\/wp\/v2\/pages"}],"about":[{"href":"https:\/\/www.filmsoundsweden.se\/wordpress\/index.php\/wp-json\/wp\/v2\/types\/page"}],"author":[{"embeddable":true,"href":"https:\/\/www.filmsoundsweden.se\/wordpress\/index.php\/wp-json\/wp\/v2\/users\/1"}],"replies":[{"embeddable":true,"href":"https:\/\/www.filmsoundsweden.se\/wordpress\/index.php\/wp-json\/wp\/v2\/comments?post=31"}],"version-history":[{"count":60,"href":"https:\/\/www.filmsoundsweden.se\/wordpress\/index.php\/wp-json\/wp\/v2\/pages\/31\/revisions"}],"predecessor-version":[{"id":3767,"href":"https:\/\/www.filmsoundsweden.se\/wordpress\/index.php\/wp-json\/wp\/v2\/pages\/31\/revisions\/3767"}],"wp:attachment":[{"href":"https:\/\/www.filmsoundsweden.se\/wordpress\/index.php\/wp-json\/wp\/v2\/media?parent=31"}],"wp:term":[{"taxonomy":"folder","embeddable":true,"href":"https:\/\/www.filmsoundsweden.se\/wordpress\/index.php\/wp-json\/wp\/v2\/folder?post=31"}],"curies":[{"name":"wp","href":"https:\/\/api.w.org\/{rel}","templated":true}]}}