{"id":190,"date":"2011-11-29T23:59:38","date_gmt":"2011-11-29T21:59:38","guid":{"rendered":"http:\/\/www.filmsoundsweden.se\/wordpress\/?page_id=190"},"modified":"2019-03-28T16:38:53","modified_gmt":"2019-03-28T14:38:53","slug":"motesprotokoll","status":"publish","type":"page","link":"https:\/\/www.filmsoundsweden.se\/wordpress\/index.php\/om-fss-2\/motesprotokoll\/","title":{"rendered":"M\u00f6tesprotokoll"},"content":{"rendered":"<p><a href=\"http:\/\/www.filmsoundsweden.se\/wordpress\/wp-content\/uploads\/2011\/11\/Film-Sound-Sweden-\u00e5rsm\u00f6te-2011.pdf\">Film Sound Sweden \u00e5rsm\u00f6te 2011<\/a><\/p>\n<p><a href=\"http:\/\/www.filmsoundsweden.se\/wordpress\/wp-content\/uploads\/2012\/03\/Film-Sound-Sweden-arsmote-120310.pdf\">Film Sound Sweden \u00e5rsmote 2012<\/a><\/p>\n<p><a href=\"http:\/\/www.filmsoundsweden.se\/wordpress\/wp-content\/uploads\/2014\/03\/\u00c5rsm\u00f6te 2014 Protokoll.pdf\">Film Sound Sweden \u00e5rsmote 2014<\/a><\/p>\n<p><a href=\"http:\/\/www.filmsoundsweden.se\/wordpress\/wp-content\/uploads\/2016\/09\/\u00c5rsm\u00f6te 2015 Protokoll.pdf\">Film Sound Sweden \u00e5rsmote 2015<\/a><\/p>\n<p><a href=\"http:\/\/www.filmsoundsweden.se\/wordpress\/wp-content\/uploads\/2016\/09\/\u00c5rsm\u00f6te 2016 Protokoll.pdf\">Film Sound Sweden \u00e5rsmote 2016<\/a><\/p>\n<p><a href=\"http:\/\/www.filmsoundsweden.se\/wordpress\/wp-content\/uploads\/2019\/03\/Protokoll2019.pdf\">Film Sound Sweden \u00e5rsmote 2019<\/a><\/p>\n","protected":false},"excerpt":{"rendered":"<p>Film Sound Sweden \u00e5rsm\u00f6te 2011 Film Sound Sweden \u00e5rsmote 2012 Film Sound Sweden \u00e5rsmote 2014 Film Sound Sweden \u00e5rsmote 2015 Film Sound Sweden \u00e5rsmote 2016 Film Sound Sweden \u00e5rsmote 2019<\/p>\n","protected":false},"author":3,"featured_media":0,"parent":186,"menu_order":0,"comment_status":"closed","ping_status":"closed","template":"","meta":{"jetpack_post_was_ever_published":false,"footnotes":""},"folder":[],"class_list":["post-190","page","type-page","status-publish","hentry"],"jetpack_shortlink":"https:\/\/wp.me\/P247AI-34","jetpack_sharing_enabled":true,"jetpack_likes_enabled":true,"jetpack-related-posts":[],"_links":{"self":[{"href":"https:\/\/www.filmsoundsweden.se\/wordpress\/index.php\/wp-json\/wp\/v2\/pages\/190","targetHints":{"allow":["GET"]}}],"collection":[{"href":"https:\/\/www.filmsoundsweden.se\/wordpress\/index.php\/wp-json\/wp\/v2\/pages"}],"about":[{"href":"https:\/\/www.filmsoundsweden.se\/wordpress\/index.php\/wp-json\/wp\/v2\/types\/page"}],"author":[{"embeddable":true,"href":"https:\/\/www.filmsoundsweden.se\/wordpress\/index.php\/wp-json\/wp\/v2\/users\/3"}],"replies":[{"embeddable":true,"href":"https:\/\/www.filmsoundsweden.se\/wordpress\/index.php\/wp-json\/wp\/v2\/comments?post=190"}],"version-history":[{"count":20,"href":"https:\/\/www.filmsoundsweden.se\/wordpress\/index.php\/wp-json\/wp\/v2\/pages\/190\/revisions"}],"predecessor-version":[{"id":1818,"href":"https:\/\/www.filmsoundsweden.se\/wordpress\/index.php\/wp-json\/wp\/v2\/pages\/190\/revisions\/1818"}],"up":[{"embeddable":true,"href":"https:\/\/www.filmsoundsweden.se\/wordpress\/index.php\/wp-json\/wp\/v2\/pages\/186"}],"wp:attachment":[{"href":"https:\/\/www.filmsoundsweden.se\/wordpress\/index.php\/wp-json\/wp\/v2\/media?parent=190"}],"wp:term":[{"taxonomy":"folder","embeddable":true,"href":"https:\/\/www.filmsoundsweden.se\/wordpress\/index.php\/wp-json\/wp\/v2\/folder?post=190"}],"curies":[{"name":"wp","href":"https:\/\/api.w.org\/{rel}","templated":true}]}}