{"id":1539,"date":"2017-09-17T14:17:25","date_gmt":"2017-09-17T12:17:25","guid":{"rendered":"http:\/\/www.filmsoundsweden.se\/wordpress\/?page_id=1539"},"modified":"2018-10-17T17:26:20","modified_gmt":"2018-10-17T15:26:20","slug":"medlemsansokan","status":"publish","type":"page","link":"https:\/\/www.filmsoundsweden.se\/wordpress\/index.php\/medlemsansokan\/","title":{"rendered":"Medlemsans\u00f6kan"},"content":{"rendered":"\n\t<section class=\"section\" id=\"section_435440833\">\n\t\t<div class=\"section-bg fill\" >\n\t\t\t\t\t\t\t\t\t\n\t\t\t\n\t<div class=\"is-border\"\n\t\tstyle=\"border-color:rgb(235, 235, 235);border-width:0px 0px 0px 0px;\">\n\t<\/div>\n\n\t\t<\/div>\n\n\t\t\n\n\t\t<div class=\"section-content relative\">\n\t\t\t\n\n  <div class=\"banner has-hover\" id=\"banner-308068384\">\n          <div class=\"banner-inner fill\">\n        <div class=\"banner-bg fill\" >\n            <img loading=\"lazy\" decoding=\"async\" width=\"1020\" height=\"574\" src=\"https:\/\/i0.wp.com\/www.filmsoundsweden.se\/wordpress\/wp-content\/uploads\/2017\/09\/music-2694489_1920.jpg?fit=1020%2C574&amp;ssl=1\" class=\"bg attachment-large size-large\" alt=\"\" data-attachment-id=\"1677\" data-permalink=\"https:\/\/www.filmsoundsweden.se\/wordpress\/music-2694489_1920\/\" data-orig-file=\"https:\/\/i0.wp.com\/www.filmsoundsweden.se\/wordpress\/wp-content\/uploads\/2017\/09\/music-2694489_1920.jpg?fit=1920%2C1107&amp;ssl=1\" data-orig-size=\"1920,1107\" data-comments-opened=\"0\" data-image-meta=\"{&quot;aperture&quot;:&quot;3.5&quot;,&quot;credit&quot;:&quot;&quot;,&quot;camera&quot;:&quot;Canon EOS 700D&quot;,&quot;caption&quot;:&quot;&quot;,&quot;created_timestamp&quot;:&quot;0&quot;,&quot;copyright&quot;:&quot;&quot;,&quot;focal_length&quot;:&quot;20&quot;,&quot;iso&quot;:&quot;1250&quot;,&quot;shutter_speed&quot;:&quot;0.05&quot;,&quot;title&quot;:&quot;&quot;,&quot;orientation&quot;:&quot;0&quot;}\" data-image-title=\"music-2694489_1920\" data-image-description=\"\" data-image-caption=\"\" data-medium-file=\"https:\/\/i0.wp.com\/www.filmsoundsweden.se\/wordpress\/wp-content\/uploads\/2017\/09\/music-2694489_1920.jpg?fit=850%2C478&amp;ssl=1\" data-large-file=\"https:\/\/i0.wp.com\/www.filmsoundsweden.se\/wordpress\/wp-content\/uploads\/2017\/09\/music-2694489_1920.jpg?fit=1020%2C574&amp;ssl=1\" \/>                        <div class=\"overlay\"><\/div>            \n                    <\/div>\n\t\t\n        <div class=\"banner-layers container\">\n            <div class=\"fill banner-link\"><\/div>            \n   <div id=\"text-box-1439474208\" class=\"text-box banner-layer x50 md-x50 lg-x50 y50 md-y50 lg-y50 res-text\">\n                     <div data-animate=\"blurIn\">           <div class=\"text-box-content text dark\">\n              \n              <div class=\"text-inner text-center\">\n                  \n<h3 class=\"uppercase\"><b>Bli medlem!<\/b><\/h3>\n              <\/div>\n           <\/div>\n       <\/div>                     \n<style>\n#text-box-1439474208 {\n  width: 76%;\n}\n#text-box-1439474208 .text-box-content {\n  font-size: 185%;\n}\n<\/style>\n    <\/div>\n \n        <\/div>\n      <\/div>\n\n            \n<style>\n#banner-308068384 {\n  padding-top: 198px;\n}\n#banner-308068384 .overlay {\n  background-color: rgba(0, 0, 0, 0.55);\n}\n#banner-308068384 .banner-bg img {\n  object-position: 34% 40%;\n}\n<\/style>\n  <\/div>\n\n\n\t\t<\/div>\n\n\t\t\n<style>\n#section_435440833 {\n  padding-top: 8px;\n  padding-bottom: 8px;\n  min-height: 205px;\n  background-color: rgb(245, 245, 245);\n}\n<\/style>\n\t<\/section>\n\t\n<div class=\"row\"  id=\"row-1873934305\">\n\n\t<div id=\"col-1833527319\" class=\"col medium-6 small-12 large-6\"  >\n\t\t\t\t<div class=\"col-inner text-left\"  >\n\t\t\t\n\t\t\t\n\t<div class=\"img has-hover x md-x lg-x y md-y lg-y\" id=\"image_846132859\">\n\t\t\t\t\t\t\t\t<div class=\"img-inner dark\" >\n\t\t\t<img loading=\"lazy\" decoding=\"async\" width=\"1020\" height=\"574\" src=\"https:\/\/i0.wp.com\/www.filmsoundsweden.se\/wordpress\/wp-content\/uploads\/2018\/10\/board-cinema-cinematography-274937.jpg?fit=1020%2C574&amp;ssl=1\" class=\"attachment-large size-large\" alt=\"\" srcset=\"https:\/\/i0.wp.com\/www.filmsoundsweden.se\/wordpress\/wp-content\/uploads\/2018\/10\/board-cinema-cinematography-274937.jpg?w=4752&amp;ssl=1 4752w, https:\/\/i0.wp.com\/www.filmsoundsweden.se\/wordpress\/wp-content\/uploads\/2018\/10\/board-cinema-cinematography-274937.jpg?resize=250%2C141&amp;ssl=1 250w, https:\/\/i0.wp.com\/www.filmsoundsweden.se\/wordpress\/wp-content\/uploads\/2018\/10\/board-cinema-cinematography-274937.jpg?resize=850%2C478&amp;ssl=1 850w, https:\/\/i0.wp.com\/www.filmsoundsweden.se\/wordpress\/wp-content\/uploads\/2018\/10\/board-cinema-cinematography-274937.jpg?resize=768%2C432&amp;ssl=1 768w, https:\/\/i0.wp.com\/www.filmsoundsweden.se\/wordpress\/wp-content\/uploads\/2018\/10\/board-cinema-cinematography-274937.jpg?resize=1200%2C675&amp;ssl=1 1200w, https:\/\/i0.wp.com\/www.filmsoundsweden.se\/wordpress\/wp-content\/uploads\/2018\/10\/board-cinema-cinematography-274937.jpg?w=2040&amp;ssl=1 2040w, https:\/\/i0.wp.com\/www.filmsoundsweden.se\/wordpress\/wp-content\/uploads\/2018\/10\/board-cinema-cinematography-274937.jpg?w=3060&amp;ssl=1 3060w\" sizes=\"auto, (max-width: 1020px) 100vw, 1020px\" data-attachment-id=\"1811\" data-permalink=\"https:\/\/www.filmsoundsweden.se\/wordpress\/board-cinema-cinematography-274937\/\" data-orig-file=\"https:\/\/i0.wp.com\/www.filmsoundsweden.se\/wordpress\/wp-content\/uploads\/2018\/10\/board-cinema-cinematography-274937.jpg?fit=4752%2C2673&amp;ssl=1\" data-orig-size=\"4752,2673\" data-comments-opened=\"0\" data-image-meta=\"{&quot;aperture&quot;:&quot;0&quot;,&quot;credit&quot;:&quot;&quot;,&quot;camera&quot;:&quot;&quot;,&quot;caption&quot;:&quot;&quot;,&quot;created_timestamp&quot;:&quot;0&quot;,&quot;copyright&quot;:&quot;&quot;,&quot;focal_length&quot;:&quot;0&quot;,&quot;iso&quot;:&quot;0&quot;,&quot;shutter_speed&quot;:&quot;0&quot;,&quot;title&quot;:&quot;&quot;,&quot;orientation&quot;:&quot;0&quot;}\" data-image-title=\"board-cinema-cinematography-274937\" data-image-description=\"\" data-image-caption=\"\" data-medium-file=\"https:\/\/i0.wp.com\/www.filmsoundsweden.se\/wordpress\/wp-content\/uploads\/2018\/10\/board-cinema-cinematography-274937.jpg?fit=850%2C478&amp;ssl=1\" data-large-file=\"https:\/\/i0.wp.com\/www.filmsoundsweden.se\/wordpress\/wp-content\/uploads\/2018\/10\/board-cinema-cinematography-274937.jpg?fit=1020%2C574&amp;ssl=1\" \/>\t\t\t\t\t\t\n\t\t\t\t\t<\/div>\n\t\t\t\t\t\t\t\t\n<style>\n#image_846132859 {\n  width: 100%;\n}\n<\/style>\n\t<\/div>\n\t\n\n\t\t<div class=\"icon-box featured-box icon-box-top text-left is-xlarge\"  >\n\t\t\t\t<div class=\"icon-box-text last-reset\">\n\t\t\t\t\t\t\t\t\t\n<p><a title=\"MEDLEMSANS\u00d6KAN\" href=\"http:\/\/www.filmsoundsweden.se\/members\/registerturing.php\" target=\"_blank\">ANS\u00d6KAN G\u00d6R DU H\u00c4R!\u00a0<\/a><\/p>\n\t\t<\/div>\n\t<\/div>\n\t\n\t\n\t\t<\/div>\n\t\t\t\t\n<style>\n#col-1833527319 > .col-inner {\n  max-width: 100%;\n}\n<\/style>\n\t<\/div>\n\n\t\n\n\t<div id=\"col-474414373\" class=\"col medium-6 small-12 large-6\"  >\n\t\t\t\t<div class=\"col-inner text-left\"  >\n\t\t\t\n\t\t\t\n<p>En ans\u00f6kan om medlemskap i FSS \u00e4r inte detsamma som ett automatiskt medlemskap i v\u00e5r f\u00f6rening.<\/p>\n<p>I och med din ans\u00f6kan godk\u00e4nner du att Film Sound Sweden [FSS] lagrar de uppgifter du delar med dig av till f\u00f6reningen. FSS kommer givetvis inte att vidaredistribuera eller s\u00e4lja dina uppgifter till annan part.<\/p>\n<p>Efter att din ans\u00f6kan godk\u00e4nts kommer du att f\u00e5 ett epostmeddelande. I detta meddelande finns en l\u00e4nk \u00a0d\u00e4r du sj\u00e4lv kan komplettera dina uppgifter.<\/p>\n<p>Medlemskap godk\u00e4nns efter de kriterier som fastslagits i f\u00f6reningens stadgar som du kan l\u00e4sa om h\u00e4r:<\/p>\n<p><em>\u00a7 3. MEDLEMSKAP<\/em><br \/> <em>Medlemskap kan s\u00f6kas av yrkesut\u00f6vande, huvudsakligen verksam inom omr\u00e5det f\u00f6r film-, tv- och videoljud. Medlemskap kan beviljas den som varit yrkesut\u00f6vande i minst fyra \u00e5r dedikerad yrkesutbildnig inom filmljud f\u00e5r r\u00e4knas in i den tiden samt under f\u00f6ruts\u00e4ttning att hon\/han rekommenderas av minst tv\u00e5 medlemmar.<\/em><br \/> <em>De som inte uppfyller ovanst\u00e5ende kriterier kan s\u00f6ka aspirant-medlemskap.<\/em><\/p>\n<p><em>Alla ans\u00f6kningar behandlas inom styrelsen och ska godk\u00e4nnas av densamma.<\/em><\/p>\n<p><em>Avgiften \u00e4r 300kr per \u00e5r f\u00f6r Fullt medlemskap och 150kr f\u00f6r Aspiranter.<\/em><\/p>\n\t\t<\/div>\n\t\t\t\t\n<style>\n#col-474414373 > .col-inner {\n  padding: 0px 10px 0px 10px;\n  margin: 0px 20px 21px -0;\n}\n<\/style>\n\t<\/div>\n\n\t\n<\/div>\n","protected":false},"excerpt":{"rendered":"","protected":false},"author":5,"featured_media":0,"parent":0,"menu_order":0,"comment_status":"closed","ping_status":"closed","template":"","meta":{"jetpack_post_was_ever_published":false,"footnotes":""},"folder":[78],"class_list":["post-1539","page","type-page","status-publish","hentry"],"jetpack_shortlink":"https:\/\/wp.me\/P247AI-oP","jetpack_sharing_enabled":true,"jetpack_likes_enabled":true,"jetpack-related-posts":[],"_links":{"self":[{"href":"https:\/\/www.filmsoundsweden.se\/wordpress\/index.php\/wp-json\/wp\/v2\/pages\/1539","targetHints":{"allow":["GET"]}}],"collection":[{"href":"https:\/\/www.filmsoundsweden.se\/wordpress\/index.php\/wp-json\/wp\/v2\/pages"}],"about":[{"href":"https:\/\/www.filmsoundsweden.se\/wordpress\/index.php\/wp-json\/wp\/v2\/types\/page"}],"author":[{"embeddable":true,"href":"https:\/\/www.filmsoundsweden.se\/wordpress\/index.php\/wp-json\/wp\/v2\/users\/5"}],"replies":[{"embeddable":true,"href":"https:\/\/www.filmsoundsweden.se\/wordpress\/index.php\/wp-json\/wp\/v2\/comments?post=1539"}],"version-history":[{"count":49,"href":"https:\/\/www.filmsoundsweden.se\/wordpress\/index.php\/wp-json\/wp\/v2\/pages\/1539\/revisions"}],"predecessor-version":[{"id":1814,"href":"https:\/\/www.filmsoundsweden.se\/wordpress\/index.php\/wp-json\/wp\/v2\/pages\/1539\/revisions\/1814"}],"wp:attachment":[{"href":"https:\/\/www.filmsoundsweden.se\/wordpress\/index.php\/wp-json\/wp\/v2\/media?parent=1539"}],"wp:term":[{"taxonomy":"folder","embeddable":true,"href":"https:\/\/www.filmsoundsweden.se\/wordpress\/index.php\/wp-json\/wp\/v2\/folder?post=1539"}],"curies":[{"name":"wp","href":"https:\/\/api.w.org\/{rel}","templated":true}]}}